{"id":5449,"date":"2026-01-31T15:58:54","date_gmt":"2026-01-31T12:58:54","guid":{"rendered":"https:\/\/egereklam.com.tr\/?post_type=product&#038;p=5449"},"modified":"2026-01-31T16:21:04","modified_gmt":"2026-01-31T13:21:04","slug":"kisiye-ozel-uv-baski-plakalik","status":"publish","type":"product","link":"https:\/\/egereklam.com.tr\/index.php\/product\/kisiye-ozel-uv-baski-plakalik\/","title":{"rendered":"K\u0130\u015e\u0130YE \u00d6ZEL UV BASKI PLAKALIK"},"content":{"rendered":"","protected":false},"excerpt":{"rendered":"<p>\u00dcr\u00fcnlerimiz, ad\u0131n\u0131za veya firman\u0131za \u00f6zel olarak<br \/>\nUzun \u00f6m\u00fcrl\u00fc kabartmal\u0131 UV dijital bask\u0131 tekni\u011fiyle \u00fcretilmektedir.<br \/>\nTam tak\u0131m halinde, \u00e7ift olarak g\u00f6nderilir.<\/p>\n<p>Toptan al\u0131mlarda, Y\u00fcksek adetlerde sipari\u015f i\u00e7in l\u00fctfen \u00f6zel fiyat isteyiniz.<\/p>\n<p>&nbsp;<\/p>\n","protected":false},"featured_media":5450,"template":"","meta":{"_monsterinsights_skip_tracking":false,"_monsterinsights_sitenote_active":false,"_monsterinsights_sitenote_note":"","_monsterinsights_sitenote_category":0},"product_cat":[251,229],"product_tag":[257,259,262,258,261,260],"class_list":{"0":"post-5449","1":"product","2":"type-product","3":"status-publish","4":"has-post-thumbnail","6":"product_cat-oto-aksesuar","7":"product_cat-promosyon-urunler","8":"product_tag-firma-plakalik","9":"product_tag-isimli-plakalik","10":"product_tag-isme-ozel-plakalik","11":"product_tag-kisiye-ozel-plakalik","12":"product_tag-plaka-altligi","13":"product_tag-plaka-cercevesi","15":"first","16":"instock","17":"featured","18":"shipping-taxable","19":"product-type-external"},"aioseo_notices":[],"jetpack_sharing_enabled":true,"_links":{"self":[{"href":"https:\/\/egereklam.com.tr\/index.php\/wp-json\/wp\/v2\/product\/5449","targetHints":{"allow":["GET"]}}],"collection":[{"href":"https:\/\/egereklam.com.tr\/index.php\/wp-json\/wp\/v2\/product"}],"about":[{"href":"https:\/\/egereklam.com.tr\/index.php\/wp-json\/wp\/v2\/types\/product"}],"wp:featuredmedia":[{"embeddable":true,"href":"https:\/\/egereklam.com.tr\/index.php\/wp-json\/wp\/v2\/media\/5450"}],"wp:attachment":[{"href":"https:\/\/egereklam.com.tr\/index.php\/wp-json\/wp\/v2\/media?parent=5449"}],"wp:term":[{"taxonomy":"product_cat","embeddable":true,"href":"https:\/\/egereklam.com.tr\/index.php\/wp-json\/wp\/v2\/product_cat?post=5449"},{"taxonomy":"product_tag","embeddable":true,"href":"https:\/\/egereklam.com.tr\/index.php\/wp-json\/wp\/v2\/product_tag?post=5449"}],"curies":[{"name":"wp","href":"https:\/\/api.w.org\/{rel}","templated":true}]}}