{"id":5435,"date":"2026-01-31T13:11:54","date_gmt":"2026-01-31T10:11:54","guid":{"rendered":"https:\/\/egereklam.com.tr\/?post_type=product&#038;p=5435"},"modified":"2026-01-31T14:09:54","modified_gmt":"2026-01-31T11:09:54","slug":"promosyon-telefon-tutuculu-cakmak","status":"publish","type":"product","link":"https:\/\/egereklam.com.tr\/index.php\/product\/promosyon-telefon-tutuculu-cakmak\/","title":{"rendered":"PROMOSYON TELEFON TUTUCULU \u00c7AKMAK\u00a0"},"content":{"rendered":"","protected":false},"excerpt":{"rendered":"<p>Telefon Tutuculu \u00c7akmak<\/p>\n<p>B\u00fcy\u00fck Boy , Tekrar Dolumlu<\/p>\n<p>\u00dcr\u00fcn Boyutu : 8 cm x 2,2 cm<\/p>\n<p>Bask\u0131 Alan\u0131 5 cm x 1,5 cm<\/p>\n<p>Adet, Marka, Tek y\u00f6n ve \u00c7ift y\u00f6n bask\u0131 fiyat\u0131 de\u011fi\u015ftirmektedir.<br \/>\nY\u00fcksek adetlerde sipari\u015f i\u00e7in l\u00fctfen fiyat al\u0131n\u0131z<\/p>\n","protected":false},"featured_media":5436,"template":"","meta":{"_monsterinsights_skip_tracking":false,"_monsterinsights_sitenote_active":false,"_monsterinsights_sitenote_note":"","_monsterinsights_sitenote_category":0},"product_cat":[209],"product_tag":[],"class_list":{"0":"post-5435","1":"product","2":"type-product","3":"status-publish","4":"has-post-thumbnail","6":"product_cat-cakmak","8":"first","9":"instock","10":"featured","11":"shipping-taxable","12":"product-type-external"},"aioseo_notices":[],"jetpack_sharing_enabled":true,"_links":{"self":[{"href":"https:\/\/egereklam.com.tr\/index.php\/wp-json\/wp\/v2\/product\/5435","targetHints":{"allow":["GET"]}}],"collection":[{"href":"https:\/\/egereklam.com.tr\/index.php\/wp-json\/wp\/v2\/product"}],"about":[{"href":"https:\/\/egereklam.com.tr\/index.php\/wp-json\/wp\/v2\/types\/product"}],"wp:featuredmedia":[{"embeddable":true,"href":"https:\/\/egereklam.com.tr\/index.php\/wp-json\/wp\/v2\/media\/5436"}],"wp:attachment":[{"href":"https:\/\/egereklam.com.tr\/index.php\/wp-json\/wp\/v2\/media?parent=5435"}],"wp:term":[{"taxonomy":"product_cat","embeddable":true,"href":"https:\/\/egereklam.com.tr\/index.php\/wp-json\/wp\/v2\/product_cat?post=5435"},{"taxonomy":"product_tag","embeddable":true,"href":"https:\/\/egereklam.com.tr\/index.php\/wp-json\/wp\/v2\/product_tag?post=5435"}],"curies":[{"name":"wp","href":"https:\/\/api.w.org\/{rel}","templated":true}]}}