{"id":5392,"date":"2026-01-08T16:19:06","date_gmt":"2026-01-08T13:19:06","guid":{"rendered":"https:\/\/egereklam.com.tr\/?post_type=product&#038;p=5392"},"modified":"2026-01-31T14:10:59","modified_gmt":"2026-01-31T11:10:59","slug":"evlilik-teklifi-afisi","status":"publish","type":"product","link":"https:\/\/egereklam.com.tr\/index.php\/product\/evlilik-teklifi-afisi\/","title":{"rendered":"EVL\u0130L\u0130K TEKL\u0130F\u0130 AF\u0130\u015e\u0130"},"content":{"rendered":"","protected":false},"excerpt":{"rendered":"<div class=\"flex-shrink-0 flex flex-col relative items-end\">\n<div>\n<div class=\"pt-0\">\n<div class=\"gizmo-bot-avatar flex h-8 w-8 items-center justify-center overflow-hidden rounded-full\">\n<div class=\"relative p-1 rounded-sm flex items-center justify-center bg-token-main-surface-primary text-token-text-primary h-8 w-8\">\u00dcr\u00fcn\u00fcm\u00fcz pvc branda \u00fczerine bas\u0131l\u0131r, kenarlar\u0131na yap\u0131lan ku\u015f g\u00f6zleriyle kolayca ba\u011flanabilir, i\u00e7 ve d\u0131\u015f mekanlarda kullan\u0131labilir, g\u00fcne\u015f \u0131\u015f\u0131nlar\u0131 ve k\u00f6t\u00fc hava \u015fartlar\u0131na dayan\u0131kl\u0131 olup, iste\u011finize \u00f6zel tasar\u0131mlar yap\u0131labilir.<\/div>\n<\/div>\n<\/div>\n<\/div>\n<\/div>\n<p>Fiyatland\u0131rma boyuta g\u00f6re hesaplan\u0131r<\/p>\n","protected":false},"featured_media":5394,"template":"","meta":{"_monsterinsights_skip_tracking":false,"_monsterinsights_sitenote_active":false,"_monsterinsights_sitenote_note":"","_monsterinsights_sitenote_category":0},"product_cat":[248,230],"product_tag":[],"class_list":{"0":"post-5392","1":"product","2":"type-product","3":"status-publish","4":"has-post-thumbnail","6":"product_cat-dijital-baski","7":"product_cat-reklam-urunleri","9":"first","10":"instock","11":"featured","12":"shipping-taxable","13":"product-type-external"},"aioseo_notices":[],"jetpack_sharing_enabled":true,"_links":{"self":[{"href":"https:\/\/egereklam.com.tr\/index.php\/wp-json\/wp\/v2\/product\/5392","targetHints":{"allow":["GET"]}}],"collection":[{"href":"https:\/\/egereklam.com.tr\/index.php\/wp-json\/wp\/v2\/product"}],"about":[{"href":"https:\/\/egereklam.com.tr\/index.php\/wp-json\/wp\/v2\/types\/product"}],"wp:featuredmedia":[{"embeddable":true,"href":"https:\/\/egereklam.com.tr\/index.php\/wp-json\/wp\/v2\/media\/5394"}],"wp:attachment":[{"href":"https:\/\/egereklam.com.tr\/index.php\/wp-json\/wp\/v2\/media?parent=5392"}],"wp:term":[{"taxonomy":"product_cat","embeddable":true,"href":"https:\/\/egereklam.com.tr\/index.php\/wp-json\/wp\/v2\/product_cat?post=5392"},{"taxonomy":"product_tag","embeddable":true,"href":"https:\/\/egereklam.com.tr\/index.php\/wp-json\/wp\/v2\/product_tag?post=5392"}],"curies":[{"name":"wp","href":"https:\/\/api.w.org\/{rel}","templated":true}]}}