{"id":5383,"date":"2025-12-26T11:19:46","date_gmt":"2025-12-26T08:19:46","guid":{"rendered":"https:\/\/egereklam.com.tr\/?post_type=product&#038;p=5383"},"modified":"2026-01-31T14:11:19","modified_gmt":"2026-01-31T11:11:19","slug":"ruhsat-kabi","status":"publish","type":"product","link":"https:\/\/egereklam.com.tr\/index.php\/product\/ruhsat-kabi\/","title":{"rendered":"BASKILI RUHSAT KABI"},"content":{"rendered":"<p data-start=\"76\" data-end=\"140\">\u00dcr\u00fcn isminize ve firman\u0131za \u00d6zel Haz\u0131rlanmaktad\u0131r. \u00dcCRETS\u0130Z tasar\u0131m sonras\u0131nda \u00fcretime ge\u00e7ilir.<\/p>\n<p data-start=\"76\" data-end=\"140\">UV bask\u0131 tekni\u011fiyle s\u0131n\u0131rs\u0131z renk se\u00e7ene\u011fi vard\u0131r, uzun \u00f6m\u00fcrl\u00fcd\u00fcr.<\/p>\n<p data-start=\"142\" data-end=\"235\">Premium Ruhsat K\u0131l\u0131f\u0131, ara\u00e7 ruhsat\u0131n\u0131z\u0131 d\u0131\u015f etkenlere kar\u015f\u0131 korurken \u015f\u0131k bir g\u00f6r\u00fcn\u00fcm sunar.<\/p>\n<p data-start=\"338\" data-end=\"433\">Kullan\u0131lan deri, i\u015f\u00e7ilik ve t\u00fcm \u00fcretim malzemeleri birinci s\u0131n\u0131f hammaddelerden \u00fcretilen ruhsat k\u0131l\u0131flar\u0131m\u0131z, ruhsat \u00f6l\u00e7\u00fclerine tam uyum sa\u011flar.<\/p>\n<p>Adet say\u0131s\u0131na g\u00f6re fiyatlar de\u011fi\u015fmektedir. Y\u00fcksek adetli sipari\u015fler i\u00e7in l\u00fctfen bizimle ileti\u015fime ge\u00e7erek \u00f6zel fiyat talep ediniz.<\/p>\n","protected":false},"excerpt":{"rendered":"<p>Y\u00fcksek adetlerde sipari\u015f i\u00e7in l\u00fctfen \u00f6zel fiyatlar al\u0131n\u0131z.<\/p>\n<p>Adet ve Marka fiyat\u0131 de\u011fi\u015ftirmektedir<\/p>\n","protected":false},"featured_media":5387,"template":"","meta":{"_monsterinsights_skip_tracking":false,"_monsterinsights_sitenote_active":false,"_monsterinsights_sitenote_note":"","_monsterinsights_sitenote_category":0},"product_cat":[251,229],"product_tag":[253,252],"class_list":{"0":"post-5383","1":"product","2":"type-product","3":"status-publish","4":"has-post-thumbnail","6":"product_cat-oto-aksesuar","7":"product_cat-promosyon-urunler","8":"product_tag-isimli-rusat-kabi","9":"product_tag-kisiye-ozel-ruhsat-kabi","11":"first","12":"instock","13":"featured","14":"shipping-taxable","15":"product-type-external"},"aioseo_notices":[],"jetpack_sharing_enabled":true,"_links":{"self":[{"href":"https:\/\/egereklam.com.tr\/index.php\/wp-json\/wp\/v2\/product\/5383","targetHints":{"allow":["GET"]}}],"collection":[{"href":"https:\/\/egereklam.com.tr\/index.php\/wp-json\/wp\/v2\/product"}],"about":[{"href":"https:\/\/egereklam.com.tr\/index.php\/wp-json\/wp\/v2\/types\/product"}],"wp:featuredmedia":[{"embeddable":true,"href":"https:\/\/egereklam.com.tr\/index.php\/wp-json\/wp\/v2\/media\/5387"}],"wp:attachment":[{"href":"https:\/\/egereklam.com.tr\/index.php\/wp-json\/wp\/v2\/media?parent=5383"}],"wp:term":[{"taxonomy":"product_cat","embeddable":true,"href":"https:\/\/egereklam.com.tr\/index.php\/wp-json\/wp\/v2\/product_cat?post=5383"},{"taxonomy":"product_tag","embeddable":true,"href":"https:\/\/egereklam.com.tr\/index.php\/wp-json\/wp\/v2\/product_tag?post=5383"}],"curies":[{"name":"wp","href":"https:\/\/api.w.org\/{rel}","templated":true}]}}