{"id":5349,"date":"2025-01-08T11:41:16","date_gmt":"2025-01-08T08:41:16","guid":{"rendered":"http:\/\/egereklam.com.tr\/?post_type=product&#038;p=5349"},"modified":"2026-01-31T17:08:51","modified_gmt":"2026-01-31T14:08:51","slug":"pvc-buzdolabi-magneti","status":"publish","type":"product","link":"https:\/\/egereklam.com.tr\/index.php\/product\/pvc-buzdolabi-magneti\/","title":{"rendered":"PVC BUZDOLABI MAGNET\u0130"},"content":{"rendered":"","protected":false},"excerpt":{"rendered":"<p>Magnet \u00fcr\u00fcn\u00fcm\u00fcz y\u00fcksek kaliteli, dayan\u0131kl\u0131 malzemelerle \u00fcretilen magnetler, farkl\u0131 renk ve tasar\u0131mlarla ki\u015fisel zevkinize g\u00f6re \u00f6zelle\u015ftirilebilir. Notlar, hat\u0131rlat\u0131c\u0131lar veya foto\u011fraflar i\u00e7in m\u00fckemmel bir d\u00fczenleyici ve markan\u0131z i\u00e7in etkili bir promosyon arac\u0131d\u0131r.<\/p>\n<p>Kullan\u0131c\u0131 dostu tasar\u0131m\u0131yla ofis masalar\u0131, buzdolaplar\u0131 ve metal y\u00fczeylerde kolayca yer bulur, ekonomik, estetik ve pratik bir \u00e7\u00f6z\u00fcm sunar. Markan\u0131z\u0131 hat\u0131rlatmada en etkili y\u00f6ntemlerden biridir.<\/p>\n<p><strong>WhatsApp \u00fczerinden \u00f6n tasar\u0131m \u00e7al\u0131\u015fmas\u0131 g\u00f6nderilir ve onay\u0131n\u0131z al\u0131nd\u0131ktan sonra bask\u0131ya ge\u00e7ilir.<\/strong><br \/>\n<strong>Y\u00fcksek adetli sipari\u015fler<\/strong> i\u00e7in l\u00fctfen bizimle ileti\u015fime ge\u00e7erek <strong>\u00f6zel fiyat<\/strong> talep ediniz.<\/p>\n","protected":false},"featured_media":5395,"template":"","meta":{"_monsterinsights_skip_tracking":false,"_monsterinsights_sitenote_active":false,"_monsterinsights_sitenote_note":"","_monsterinsights_sitenote_category":0},"product_cat":[249,245,229],"product_tag":[],"class_list":{"0":"post-5349","1":"product","2":"type-product","3":"status-publish","4":"has-post-thumbnail","6":"product_cat-magnet-pvc","7":"product_cat-matbaa-urunleri","8":"product_cat-promosyon-urunler","10":"first","11":"instock","12":"featured","13":"shipping-taxable","14":"product-type-external"},"aioseo_notices":[],"jetpack_sharing_enabled":true,"_links":{"self":[{"href":"https:\/\/egereklam.com.tr\/index.php\/wp-json\/wp\/v2\/product\/5349","targetHints":{"allow":["GET"]}}],"collection":[{"href":"https:\/\/egereklam.com.tr\/index.php\/wp-json\/wp\/v2\/product"}],"about":[{"href":"https:\/\/egereklam.com.tr\/index.php\/wp-json\/wp\/v2\/types\/product"}],"wp:featuredmedia":[{"embeddable":true,"href":"https:\/\/egereklam.com.tr\/index.php\/wp-json\/wp\/v2\/media\/5395"}],"wp:attachment":[{"href":"https:\/\/egereklam.com.tr\/index.php\/wp-json\/wp\/v2\/media?parent=5349"}],"wp:term":[{"taxonomy":"product_cat","embeddable":true,"href":"https:\/\/egereklam.com.tr\/index.php\/wp-json\/wp\/v2\/product_cat?post=5349"},{"taxonomy":"product_tag","embeddable":true,"href":"https:\/\/egereklam.com.tr\/index.php\/wp-json\/wp\/v2\/product_tag?post=5349"}],"curies":[{"name":"wp","href":"https:\/\/api.w.org\/{rel}","templated":true}]}}