{"id":5341,"date":"2025-01-06T13:36:48","date_gmt":"2025-01-06T10:36:48","guid":{"rendered":"http:\/\/egereklam.com.tr\/?post_type=product&#038;p=5341"},"modified":"2026-01-31T13:33:15","modified_gmt":"2026-01-31T10:33:15","slug":"ayakli-pano","status":"publish","type":"product","link":"https:\/\/egereklam.com.tr\/index.php\/product\/ayakli-pano\/","title":{"rendered":"AYAKLI PANO"},"content":{"rendered":"","protected":false},"excerpt":{"rendered":"<p>Ayakl\u0131 reklam panosu, istenilen boyutlarda foreks malzemeden \u00fcretilip, arkas\u0131nda g\u00f6rseli dik tutan katlanabilir mukavva karton ayak bulunur. Ta\u015f\u0131mas\u0131 kolayd\u0131r,\u00a0 istenildi\u011finde ayaklar kapat\u0131larak d\u00fcz bir forma gelir. Fiyatland\u0131rma boyuta g\u00f6re hesaplan\u0131r<\/p>\n","protected":false},"featured_media":5437,"template":"","meta":{"_monsterinsights_skip_tracking":false,"_monsterinsights_sitenote_active":false,"_monsterinsights_sitenote_note":"","_monsterinsights_sitenote_category":0},"product_cat":[234,230],"product_tag":[],"class_list":{"0":"post-5341","1":"product","2":"type-product","3":"status-publish","4":"has-post-thumbnail","6":"product_cat-rollup-banner","7":"product_cat-reklam-urunleri","9":"first","10":"instock","11":"featured","12":"shipping-taxable","13":"product-type-external"},"aioseo_notices":[],"jetpack_sharing_enabled":true,"_links":{"self":[{"href":"https:\/\/egereklam.com.tr\/index.php\/wp-json\/wp\/v2\/product\/5341","targetHints":{"allow":["GET"]}}],"collection":[{"href":"https:\/\/egereklam.com.tr\/index.php\/wp-json\/wp\/v2\/product"}],"about":[{"href":"https:\/\/egereklam.com.tr\/index.php\/wp-json\/wp\/v2\/types\/product"}],"wp:featuredmedia":[{"embeddable":true,"href":"https:\/\/egereklam.com.tr\/index.php\/wp-json\/wp\/v2\/media\/5437"}],"wp:attachment":[{"href":"https:\/\/egereklam.com.tr\/index.php\/wp-json\/wp\/v2\/media?parent=5341"}],"wp:term":[{"taxonomy":"product_cat","embeddable":true,"href":"https:\/\/egereklam.com.tr\/index.php\/wp-json\/wp\/v2\/product_cat?post=5341"},{"taxonomy":"product_tag","embeddable":true,"href":"https:\/\/egereklam.com.tr\/index.php\/wp-json\/wp\/v2\/product_tag?post=5341"}],"curies":[{"name":"wp","href":"https:\/\/api.w.org\/{rel}","templated":true}]}}