{"id":5302,"date":"2025-01-04T09:52:08","date_gmt":"2025-01-04T06:52:08","guid":{"rendered":"http:\/\/egereklam.com.tr\/?post_type=product&#038;p=5302"},"modified":"2026-01-31T15:06:05","modified_gmt":"2026-01-31T12:06:05","slug":"roll-up-banner","status":"publish","type":"product","link":"https:\/\/egereklam.com.tr\/index.php\/product\/roll-up-banner\/","title":{"rendered":"ROLL-UP BANNER"},"content":{"rendered":"","protected":false},"excerpt":{"rendered":"<p>Roll Up, en \u00e7ok tercih edilen banner display \u00fcr\u00fcnlerinden biridir. Kurulumu ve kullan\u0131m\u0131 son derece kolay, ta\u015f\u0131mas\u0131 ise olduk\u00e7a pratik bir \u00fcr\u00fcnd\u00fcr.<\/p>\n<ul>\n<li><strong>G\u00f6rsel Alan<\/strong>: 85 x 200 cm<\/li>\n<li><strong>Ta\u015f\u0131ma \u00e7antas\u0131<\/strong> ile birlikte rahat\u00e7a ta\u015f\u0131nabilir ve kurulabilir.<\/li>\n<li><strong>Tamam\u0131 al\u00fcminyum<\/strong> malzemeden \u00fcretilmi\u015ftir, dayan\u0131kl\u0131d\u0131r ve hafifli\u011fi ile kolayca ta\u015f\u0131nabilir.<\/li>\n<li><strong>\u00d6zel ta\u015f\u0131ma \u00e7antas\u0131<\/strong> ile kullan\u0131m olduk\u00e7a pratiktir.<\/li>\n<\/ul>\n<p><strong>Toptan Al\u0131mlar \u0130\u00e7in Fiyat Sorunuz.<\/strong><br \/>\n<strong>Denizli \u0130\u00e7i Elden Teslimat<\/strong> (1000 TL ve \u00fczeri al\u0131\u015fveri\u015flerde).<\/p>\n","protected":false},"featured_media":5438,"template":"","meta":{"_monsterinsights_skip_tracking":false,"_monsterinsights_sitenote_active":false,"_monsterinsights_sitenote_note":"","_monsterinsights_sitenote_category":0},"product_cat":[234,230],"product_tag":[],"class_list":{"0":"post-5302","1":"product","2":"type-product","3":"status-publish","4":"has-post-thumbnail","6":"product_cat-rollup-banner","7":"product_cat-reklam-urunleri","9":"first","10":"instock","11":"featured","12":"shipping-taxable","13":"product-type-external"},"aioseo_notices":[],"jetpack_sharing_enabled":true,"_links":{"self":[{"href":"https:\/\/egereklam.com.tr\/index.php\/wp-json\/wp\/v2\/product\/5302","targetHints":{"allow":["GET"]}}],"collection":[{"href":"https:\/\/egereklam.com.tr\/index.php\/wp-json\/wp\/v2\/product"}],"about":[{"href":"https:\/\/egereklam.com.tr\/index.php\/wp-json\/wp\/v2\/types\/product"}],"wp:featuredmedia":[{"embeddable":true,"href":"https:\/\/egereklam.com.tr\/index.php\/wp-json\/wp\/v2\/media\/5438"}],"wp:attachment":[{"href":"https:\/\/egereklam.com.tr\/index.php\/wp-json\/wp\/v2\/media?parent=5302"}],"wp:term":[{"taxonomy":"product_cat","embeddable":true,"href":"https:\/\/egereklam.com.tr\/index.php\/wp-json\/wp\/v2\/product_cat?post=5302"},{"taxonomy":"product_tag","embeddable":true,"href":"https:\/\/egereklam.com.tr\/index.php\/wp-json\/wp\/v2\/product_tag?post=5302"}],"curies":[{"name":"wp","href":"https:\/\/api.w.org\/{rel}","templated":true}]}}