{"id":5300,"date":"2025-01-04T09:39:29","date_gmt":"2025-01-04T06:39:29","guid":{"rendered":"http:\/\/egereklam.com.tr\/?post_type=product&#038;p=5300"},"modified":"2026-01-31T15:06:24","modified_gmt":"2026-01-31T12:06:24","slug":"yelken-bayrak","status":"publish","type":"product","link":"https:\/\/egereklam.com.tr\/index.php\/product\/yelken-bayrak\/","title":{"rendered":"YELKEN BAYRAK"},"content":{"rendered":"","protected":false},"excerpt":{"rendered":"<ul>\n<li><strong>Bayrak Boyutu<\/strong>: 75\u00d7300 cm<\/li>\n<li><strong>Direk Boyu<\/strong>: 4.00 m<\/li>\n<li><strong>Malzeme<\/strong>:\n<ul>\n<li>Bayrak, <strong>Ra\u015fel kuma\u015f<\/strong> kullan\u0131larak \u00fcretilir ve <strong>dijital bask\u0131<\/strong> y\u00f6ntemiyle size \u00f6zel tasar\u0131mla haz\u0131rlan\u0131r.<\/li>\n<li><strong>Al\u00fcminyum portatif direk<\/strong>, demonte \u00f6zellik g\u00f6sterir ve kolay kurulum sa\u011flar.<\/li>\n<li>Bayra\u011f\u0131n sabit durmas\u0131n\u0131 sa\u011flayan, <strong>20 lt. plastik \u015femsiye bidonu<\/strong> ile tamamlan\u0131r.<\/li>\n<\/ul>\n<\/li>\n<\/ul>\n<p>D\u0131\u015f ve i\u00e7 mekan kullan\u0131m\u0131na uygun olan bu \u00f6zel tasar\u0131m, dayan\u0131kl\u0131 ve pratik bir \u00e7\u00f6z\u00fcm sunar. Bayra\u011f\u0131n\u0131z, \u00f6zg\u00fcn tasar\u0131m\u0131yla hem estetik hem de fonksiyonel bir \u015fekilde \u00f6ne \u00e7\u0131kar.<\/p>\n","protected":false},"featured_media":5439,"template":"","meta":{"_monsterinsights_skip_tracking":false,"_monsterinsights_sitenote_active":false,"_monsterinsights_sitenote_note":"","_monsterinsights_sitenote_category":0},"product_cat":[230,231],"product_tag":[],"class_list":{"0":"post-5300","1":"product","2":"type-product","3":"status-publish","4":"has-post-thumbnail","6":"product_cat-reklam-urunleri","7":"product_cat-yelken-bayrak","9":"first","10":"instock","11":"featured","12":"shipping-taxable","13":"product-type-external"},"aioseo_notices":[],"jetpack_sharing_enabled":true,"_links":{"self":[{"href":"https:\/\/egereklam.com.tr\/index.php\/wp-json\/wp\/v2\/product\/5300","targetHints":{"allow":["GET"]}}],"collection":[{"href":"https:\/\/egereklam.com.tr\/index.php\/wp-json\/wp\/v2\/product"}],"about":[{"href":"https:\/\/egereklam.com.tr\/index.php\/wp-json\/wp\/v2\/types\/product"}],"wp:featuredmedia":[{"embeddable":true,"href":"https:\/\/egereklam.com.tr\/index.php\/wp-json\/wp\/v2\/media\/5439"}],"wp:attachment":[{"href":"https:\/\/egereklam.com.tr\/index.php\/wp-json\/wp\/v2\/media?parent=5300"}],"wp:term":[{"taxonomy":"product_cat","embeddable":true,"href":"https:\/\/egereklam.com.tr\/index.php\/wp-json\/wp\/v2\/product_cat?post=5300"},{"taxonomy":"product_tag","embeddable":true,"href":"https:\/\/egereklam.com.tr\/index.php\/wp-json\/wp\/v2\/product_tag?post=5300"}],"curies":[{"name":"wp","href":"https:\/\/api.w.org\/{rel}","templated":true}]}}