{"id":5292,"date":"2024-12-30T10:14:06","date_gmt":"2024-12-30T07:14:06","guid":{"rendered":"http:\/\/egereklam.com.tr\/?post_type=product&#038;p=5292"},"modified":"2026-01-31T15:22:07","modified_gmt":"2026-01-31T12:22:07","slug":"ekonomik-reklam-dubasi","status":"publish","type":"product","link":"https:\/\/egereklam.com.tr\/index.php\/product\/ekonomik-reklam-dubasi\/","title":{"rendered":"EKONOM\u0130K REKLAM DUBASI"},"content":{"rendered":"","protected":false},"excerpt":{"rendered":"<p>BASKILI REKLAM DUBASI, Park Dubalar\u0131, Kald\u0131r\u0131m Panolar\u0131, \u00c7ifty\u00f6n Men\u00fc Dubas\u0131, A\u00e7\u0131l\u0131r kapan\u0131r Reflekt\u00f6rl\u00fc Men\u00fc Reklam Dubas\u0131 Stoklar\u0131m\u0131za girmi\u015ftir.<\/p>\n<p>Reklam dubalar\u0131, i\u015fletmelerin fark edilmesine ve marka bilinirli\u011finin art\u0131r\u0131lmas\u0131na yard\u0131mc\u0131 olmak i\u00e7in etkili, pratik ve ekonomik bir reklam arac\u0131d\u0131r. Farkl\u0131 t\u00fcrlerde ve \u00f6zelliklerde sunulabilen bu dubalar, geni\u015f bir kullan\u0131m alan\u0131na sahiptir, Dubalar\u0131n \u00e7e\u015fitli modelleri ve fiyatlar\u0131 hakk\u0131nda detayl\u0131 bilgi almak i\u00e7in bizimle ileti\u015fime ge\u00e7ebilirsiniz.<\/p>\n","protected":false},"featured_media":5294,"template":"","meta":{"_monsterinsights_skip_tracking":false,"_monsterinsights_sitenote_active":false,"_monsterinsights_sitenote_note":"","_monsterinsights_sitenote_category":0},"product_cat":[232,230],"product_tag":[],"class_list":{"0":"post-5292","1":"product","2":"type-product","3":"status-publish","4":"has-post-thumbnail","6":"product_cat-reklam-dubasi","7":"product_cat-reklam-urunleri","9":"first","10":"instock","11":"featured","12":"shipping-taxable","13":"product-type-external"},"aioseo_notices":[],"jetpack_sharing_enabled":true,"_links":{"self":[{"href":"https:\/\/egereklam.com.tr\/index.php\/wp-json\/wp\/v2\/product\/5292","targetHints":{"allow":["GET"]}}],"collection":[{"href":"https:\/\/egereklam.com.tr\/index.php\/wp-json\/wp\/v2\/product"}],"about":[{"href":"https:\/\/egereklam.com.tr\/index.php\/wp-json\/wp\/v2\/types\/product"}],"wp:featuredmedia":[{"embeddable":true,"href":"https:\/\/egereklam.com.tr\/index.php\/wp-json\/wp\/v2\/media\/5294"}],"wp:attachment":[{"href":"https:\/\/egereklam.com.tr\/index.php\/wp-json\/wp\/v2\/media?parent=5292"}],"wp:term":[{"taxonomy":"product_cat","embeddable":true,"href":"https:\/\/egereklam.com.tr\/index.php\/wp-json\/wp\/v2\/product_cat?post=5292"},{"taxonomy":"product_tag","embeddable":true,"href":"https:\/\/egereklam.com.tr\/index.php\/wp-json\/wp\/v2\/product_tag?post=5292"}],"curies":[{"name":"wp","href":"https:\/\/api.w.org\/{rel}","templated":true}]}}