{"id":5285,"date":"2024-12-28T14:56:01","date_gmt":"2024-12-28T11:56:01","guid":{"rendered":"http:\/\/egereklam.com.tr\/?post_type=product&#038;p=5285"},"modified":"2026-01-31T15:22:26","modified_gmt":"2026-01-31T12:22:26","slug":"magnet-acacak","status":"publish","type":"product","link":"https:\/\/egereklam.com.tr\/index.php\/product\/magnet-acacak\/","title":{"rendered":"MAGNET A\u00c7ACAK"},"content":{"rendered":"","protected":false},"excerpt":{"rendered":"<p><strong>\u00dcr\u00fcnlerimiz yerli \u00fcretim olup, kendi depomuzda mevcuttur.<\/strong><\/p>\n<p>\u00dcr\u00fcn\u00fcm\u00fcz, <strong>84 x 84 mm<\/strong> boyutlar\u0131nda, sert plastik malzemeden \u00fcretilmi\u015ftir ve <strong>a\u00e7acak k\u0131sm\u0131<\/strong> metal olup, hem <strong>\u015fi\u015fe a\u00e7aca\u011f\u0131<\/strong> hem de <strong>buzdolab\u0131 s\u00fcs\u00fc<\/strong> olarak kullan\u0131labilir. <strong>S\u00f6z<\/strong>, <strong>ni\u015fan<\/strong>, <strong>nikah<\/strong>, <strong>d\u00fc\u011f\u00fcn<\/strong>, <strong>baby shower<\/strong>, <strong>do\u011fum g\u00fcn\u00fc<\/strong>, <strong>mevl\u00fct<\/strong>, <strong>yeni do\u011fan etkinli\u011fi<\/strong> gibi \u00f6zel g\u00fcnlerde, <strong>kal\u0131c\u0131 ve kullan\u0131\u015fl\u0131 bir hediye<\/strong> olacakt\u0131r.<\/p>\n<p><strong>WhatsApp \u00fczerinden \u00f6n mockup \u00e7al\u0131\u015fmas\u0131 g\u00f6nderilir ve onay\u0131n\u0131z al\u0131nd\u0131ktan sonra bask\u0131ya ge\u00e7ilir.<\/strong><br \/>\n<strong>Y\u00fcksek adetli sipari\u015fler<\/strong> i\u00e7in l\u00fctfen bizimle ileti\u015fime ge\u00e7erek <strong>\u00f6zel fiyat<\/strong> talep ediniz.<\/p>\n","protected":false},"featured_media":5430,"template":"","meta":{"_monsterinsights_skip_tracking":false,"_monsterinsights_sitenote_active":false,"_monsterinsights_sitenote_note":"","_monsterinsights_sitenote_category":0},"product_cat":[212,229],"product_tag":[],"class_list":{"0":"post-5285","1":"product","2":"type-product","3":"status-publish","4":"has-post-thumbnail","6":"product_cat-magnet","7":"product_cat-promosyon-urunler","9":"first","10":"instock","11":"featured","12":"shipping-taxable","13":"product-type-external"},"aioseo_notices":[],"jetpack_sharing_enabled":true,"_links":{"self":[{"href":"https:\/\/egereklam.com.tr\/index.php\/wp-json\/wp\/v2\/product\/5285","targetHints":{"allow":["GET"]}}],"collection":[{"href":"https:\/\/egereklam.com.tr\/index.php\/wp-json\/wp\/v2\/product"}],"about":[{"href":"https:\/\/egereklam.com.tr\/index.php\/wp-json\/wp\/v2\/types\/product"}],"wp:featuredmedia":[{"embeddable":true,"href":"https:\/\/egereklam.com.tr\/index.php\/wp-json\/wp\/v2\/media\/5430"}],"wp:attachment":[{"href":"https:\/\/egereklam.com.tr\/index.php\/wp-json\/wp\/v2\/media?parent=5285"}],"wp:term":[{"taxonomy":"product_cat","embeddable":true,"href":"https:\/\/egereklam.com.tr\/index.php\/wp-json\/wp\/v2\/product_cat?post=5285"},{"taxonomy":"product_tag","embeddable":true,"href":"https:\/\/egereklam.com.tr\/index.php\/wp-json\/wp\/v2\/product_tag?post=5285"}],"curies":[{"name":"wp","href":"https:\/\/api.w.org\/{rel}","templated":true}]}}