{"id":10,"date":"2024-07-25T12:05:35","date_gmt":"2024-07-25T09:05:35","guid":{"rendered":"http:\/\/egereklam.com.tr\/index.php\/cart\/"},"modified":"2024-07-25T12:05:35","modified_gmt":"2024-07-25T09:05:35","slug":"cart","status":"publish","type":"page","link":"https:\/\/egereklam.com.tr\/index.php\/cart\/","title":{"rendered":"Cart"},"content":{"rendered":"<div data-block-name=\"woocommerce\/cart\" class=\"wp-block-woocommerce-cart alignwide is-loading\"><div data-block-name=\"woocommerce\/filled-cart-block\" class=\"wp-block-woocommerce-filled-cart-block\"><div data-block-name=\"woocommerce\/cart-items-block\" class=\"wp-block-woocommerce-cart-items-block\"><div data-block-name=\"woocommerce\/cart-line-items-block\" class=\"wp-block-woocommerce-cart-line-items-block\"><\/div>\n\n<div data-block-name=\"woocommerce\/cart-cross-sells-block\" class=\"wp-block-woocommerce-cart-cross-sells-block\">\n<h2 class=\"wp-block-heading has-large-font-size\">You may be interested in\u2026<\/h2>\n\n\n<div data-block-name=\"woocommerce\/cart-cross-sells-products-block\" class=\"wp-block-woocommerce-cart-cross-sells-products-block\"><\/div><\/div><\/div>\n\n<div data-block-name=\"woocommerce\/cart-totals-block\" class=\"wp-block-woocommerce-cart-totals-block\"><div data-block-name=\"woocommerce\/cart-order-summary-block\" class=\"wp-block-woocommerce-cart-order-summary-block\"><div data-block-name=\"woocommerce\/cart-order-summary-heading-block\" class=\"wp-block-woocommerce-cart-order-summary-heading-block\"><\/div>\n\n<div data-block-name=\"woocommerce\/cart-order-summary-coupon-form-block\" class=\"wp-block-woocommerce-cart-order-summary-coupon-form-block\"><\/div>\n\n<div data-block-name=\"woocommerce\/cart-order-summary-subtotal-block\" class=\"wp-block-woocommerce-cart-order-summary-subtotal-block\"><\/div>\n\n<div data-block-name=\"woocommerce\/cart-order-summary-fee-block\" class=\"wp-block-woocommerce-cart-order-summary-fee-block\"><\/div>\n\n<div data-block-name=\"woocommerce\/cart-order-summary-discount-block\" class=\"wp-block-woocommerce-cart-order-summary-discount-block\"><\/div>\n\n<div data-block-name=\"woocommerce\/cart-order-summary-shipping-block\" class=\"wp-block-woocommerce-cart-order-summary-shipping-block\"><\/div>\n\n<div data-block-name=\"woocommerce\/cart-order-summary-taxes-block\" class=\"wp-block-woocommerce-cart-order-summary-taxes-block\"><\/div><\/div>\n\n<div data-block-name=\"woocommerce\/cart-express-payment-block\" class=\"wp-block-woocommerce-cart-express-payment-block\"><\/div>\n\n<div data-block-name=\"woocommerce\/proceed-to-checkout-block\" class=\"wp-block-woocommerce-proceed-to-checkout-block\"><\/div>\n\n<div data-block-name=\"woocommerce\/cart-accepted-payment-methods-block\" class=\"wp-block-woocommerce-cart-accepted-payment-methods-block\"><\/div><\/div><\/div>\n\n<div data-block-name=\"woocommerce\/empty-cart-block\" class=\"wp-block-woocommerce-empty-cart-block\">\n<h2 class=\"wp-block-heading has-text-align-center with-empty-cart-icon wc-block-cart__empty-cart__title\">Your cart is currently empty!<\/h2>\n\n\n\n<hr class=\"wp-block-separator has-alpha-channel-opacity is-style-dots\"\/>\n\n\n\n<h2 class=\"wp-block-heading has-text-align-center\">New in store<\/h2>\n\n\n<div data-block-name=\"woocommerce\/product-new\" data-columns=\"4\" data-rows=\"1\" class=\"wc-block-grid wp-block-product-new wc-block-product-new has-4-columns\"><ul class=\"wc-block-grid__products\"><li class=\"wc-block-grid__product\">\n\t\t\t\t<a href=\"https:\/\/egereklam.com.tr\/index.php\/product\/kisiye-ozel-uv-baski-plakalik\/\" class=\"wc-block-grid__product-link\">\n\t\t\t\t\t\n\t\t\t\t\t<div class=\"wc-block-grid__product-image\"><img fetchpriority=\"high\" decoding=\"async\" width=\"480\" height=\"480\" src=\"https:\/\/egereklam.com.tr\/wp-content\/uploads\/2026\/01\/denizli-UV-baski-plakalik-1-480x480.jpg\" class=\"attachment-woocommerce_thumbnail size-woocommerce_thumbnail\" alt=\"K\u0130\u015e\u0130YE \u00d6ZEL UV BASKI PLAKALIK\" srcset=\"https:\/\/egereklam.com.tr\/wp-content\/uploads\/2026\/01\/denizli-UV-baski-plakalik-1-480x480.jpg 480w, https:\/\/egereklam.com.tr\/wp-content\/uploads\/2026\/01\/denizli-UV-baski-plakalik-1-300x300.jpg 300w, https:\/\/egereklam.com.tr\/wp-content\/uploads\/2026\/01\/denizli-UV-baski-plakalik-1-150x150.jpg 150w, https:\/\/egereklam.com.tr\/wp-content\/uploads\/2026\/01\/denizli-UV-baski-plakalik-1-768x768.jpg 768w, https:\/\/egereklam.com.tr\/wp-content\/uploads\/2026\/01\/denizli-UV-baski-plakalik-1-120x120.jpg 120w, https:\/\/egereklam.com.tr\/wp-content\/uploads\/2026\/01\/denizli-UV-baski-plakalik-1-46x46.jpg 46w, https:\/\/egereklam.com.tr\/wp-content\/uploads\/2026\/01\/denizli-UV-baski-plakalik-1-630x630.jpg 630w, https:\/\/egereklam.com.tr\/wp-content\/uploads\/2026\/01\/denizli-UV-baski-plakalik-1-100x100.jpg 100w, https:\/\/egereklam.com.tr\/wp-content\/uploads\/2026\/01\/denizli-UV-baski-plakalik-1-54x54.jpg 54w, https:\/\/egereklam.com.tr\/wp-content\/uploads\/2026\/01\/denizli-UV-baski-plakalik-1-310x310.jpg 310w, https:\/\/egereklam.com.tr\/wp-content\/uploads\/2026\/01\/denizli-UV-baski-plakalik-1-80x80.jpg 80w, https:\/\/egereklam.com.tr\/wp-content\/uploads\/2026\/01\/denizli-UV-baski-plakalik-1.jpg 850w\" sizes=\"(max-width: 480px) 100vw, 480px\" \/><\/div>\n\t\t\t\t\t<div class=\"wc-block-grid__product-title\">K\u0130\u015e\u0130YE \u00d6ZEL UV BASKI PLAKALIK<\/div>\n\t\t\t\t<\/a>\n\t\t\t\t<div class=\"wc-block-grid__product-price price\"><\/div>\n\t\t\t\t\n\t\t\t\t<div class=\"wp-block-button wc-block-grid__product-add-to-cart\"><a href=\"https:\/\/wa.me\/902582120724?text=UV%20Bask\u0131%20plakal\u0131k%20Sipari\u015fi%20Vermek%20\u0130stiyorum\" aria-label=\"Whatsapp Sipari\u015f\" data-quantity=\"1\" data-product_id=\"5449\" data-product_sku=\"SF544-1-1-1-2-2\" data-price=\"0\" rel=\"nofollow\" class=\"wp-block-button__link  add_to_cart_button\">Whatsapp Sipari\u015f<\/a><\/div>\n\t\t\t<\/li><li class=\"wc-block-grid__product\">\n\t\t\t\t<a href=\"https:\/\/egereklam.com.tr\/index.php\/product\/promosyon-telefon-tutuculu-cakmak\/\" class=\"wc-block-grid__product-link\">\n\t\t\t\t\t\n\t\t\t\t\t<div class=\"wc-block-grid__product-image\"><img decoding=\"async\" width=\"480\" height=\"480\" src=\"https:\/\/egereklam.com.tr\/wp-content\/uploads\/2026\/01\/denizli-promosyon-stand-cakmak-550x550h-480x480.jpg\" class=\"attachment-woocommerce_thumbnail size-woocommerce_thumbnail\" alt=\"PROMOSYON TELEFON TUTUCULU \u00c7AKMAK\u00a0\" srcset=\"https:\/\/egereklam.com.tr\/wp-content\/uploads\/2026\/01\/denizli-promosyon-stand-cakmak-550x550h-480x480.jpg 480w, https:\/\/egereklam.com.tr\/wp-content\/uploads\/2026\/01\/denizli-promosyon-stand-cakmak-550x550h-300x300.jpg 300w, https:\/\/egereklam.com.tr\/wp-content\/uploads\/2026\/01\/denizli-promosyon-stand-cakmak-550x550h-150x150.jpg 150w, https:\/\/egereklam.com.tr\/wp-content\/uploads\/2026\/01\/denizli-promosyon-stand-cakmak-550x550h-120x120.jpg 120w, https:\/\/egereklam.com.tr\/wp-content\/uploads\/2026\/01\/denizli-promosyon-stand-cakmak-550x550h-46x46.jpg 46w, https:\/\/egereklam.com.tr\/wp-content\/uploads\/2026\/01\/denizli-promosyon-stand-cakmak-550x550h-100x100.jpg 100w, https:\/\/egereklam.com.tr\/wp-content\/uploads\/2026\/01\/denizli-promosyon-stand-cakmak-550x550h-54x54.jpg 54w, https:\/\/egereklam.com.tr\/wp-content\/uploads\/2026\/01\/denizli-promosyon-stand-cakmak-550x550h-310x310.jpg 310w, https:\/\/egereklam.com.tr\/wp-content\/uploads\/2026\/01\/denizli-promosyon-stand-cakmak-550x550h-80x80.jpg 80w, https:\/\/egereklam.com.tr\/wp-content\/uploads\/2026\/01\/denizli-promosyon-stand-cakmak-550x550h.jpg 550w\" sizes=\"(max-width: 480px) 100vw, 480px\" \/><\/div>\n\t\t\t\t\t<div class=\"wc-block-grid__product-title\">PROMOSYON TELEFON TUTUCULU \u00c7AKMAK\u00a0<\/div>\n\t\t\t\t<\/a>\n\t\t\t\t<div class=\"wc-block-grid__product-price price\"><span class=\"woocommerce-Price-amount amount\"><span class=\"woocommerce-Price-currencySymbol\">&#8378;<\/span>0,00<\/span><\/div>\n\t\t\t\t\n\t\t\t\t<div class=\"wp-block-button wc-block-grid__product-add-to-cart\"><a href=\"https:\/\/wa.me\/905437242020?text=Telefon%20Tutuculu%20Ta\u015fl\u0131%20\u00c7akmak\u00a0%20Sipari\u015fi%20Vermek%20\u0130stiyorum\" aria-label=\"Whatsapp Sipari\u015f\" data-quantity=\"1\" data-product_id=\"5435\" data-product_sku=\"SF544-1\" data-price=\"0\" rel=\"nofollow\" class=\"wp-block-button__link  add_to_cart_button\">Whatsapp Sipari\u015f<\/a><\/div>\n\t\t\t<\/li><li class=\"wc-block-grid__product\">\n\t\t\t\t<a href=\"https:\/\/egereklam.com.tr\/index.php\/product\/ajanda-tarihsiz-kisiye-ozel-baskili\/\" class=\"wc-block-grid__product-link\">\n\t\t\t\t\t\n\t\t\t\t\t<div class=\"wc-block-grid__product-image\"><img decoding=\"async\" width=\"480\" height=\"480\" src=\"https:\/\/egereklam.com.tr\/wp-content\/uploads\/2026\/01\/denizli-ajanda-defter-01-480x480.jpg\" class=\"attachment-woocommerce_thumbnail size-woocommerce_thumbnail\" alt=\"AJANDA - Tarihsiz - Ki\u015fiye \u00d6zel Bask\u0131l\u0131\" srcset=\"https:\/\/egereklam.com.tr\/wp-content\/uploads\/2026\/01\/denizli-ajanda-defter-01-480x480.jpg 480w, https:\/\/egereklam.com.tr\/wp-content\/uploads\/2026\/01\/denizli-ajanda-defter-01-300x300.jpg 300w, https:\/\/egereklam.com.tr\/wp-content\/uploads\/2026\/01\/denizli-ajanda-defter-01-150x150.jpg 150w, https:\/\/egereklam.com.tr\/wp-content\/uploads\/2026\/01\/denizli-ajanda-defter-01-768x768.jpg 768w, https:\/\/egereklam.com.tr\/wp-content\/uploads\/2026\/01\/denizli-ajanda-defter-01-120x120.jpg 120w, https:\/\/egereklam.com.tr\/wp-content\/uploads\/2026\/01\/denizli-ajanda-defter-01-46x46.jpg 46w, https:\/\/egereklam.com.tr\/wp-content\/uploads\/2026\/01\/denizli-ajanda-defter-01-630x630.jpg 630w, https:\/\/egereklam.com.tr\/wp-content\/uploads\/2026\/01\/denizli-ajanda-defter-01-100x100.jpg 100w, https:\/\/egereklam.com.tr\/wp-content\/uploads\/2026\/01\/denizli-ajanda-defter-01-54x54.jpg 54w, https:\/\/egereklam.com.tr\/wp-content\/uploads\/2026\/01\/denizli-ajanda-defter-01-310x310.jpg 310w, https:\/\/egereklam.com.tr\/wp-content\/uploads\/2026\/01\/denizli-ajanda-defter-01-80x80.jpg 80w, https:\/\/egereklam.com.tr\/wp-content\/uploads\/2026\/01\/denizli-ajanda-defter-01.jpg 974w\" sizes=\"(max-width: 480px) 100vw, 480px\" \/><\/div>\n\t\t\t\t\t<div class=\"wc-block-grid__product-title\">AJANDA &#8211; Tarihsiz &#8211; Ki\u015fiye \u00d6zel Bask\u0131l\u0131<\/div>\n\t\t\t\t<\/a>\n\t\t\t\t<div class=\"wc-block-grid__product-price price\"><\/div>\n\t\t\t\t\n\t\t\t\t<div class=\"wp-block-button wc-block-grid__product-add-to-cart\"><a href=\"https:\/\/wa.me\/905437242020?text=Ajanda%20Sipari\u015fi%20Vermek%20\u0130stiyorum\" aria-label=\"Whatsapp Sipari\u015f\" data-quantity=\"1\" data-product_id=\"5428\" data-product_sku=\"SF545\" data-price=\"0\" rel=\"nofollow\" class=\"wp-block-button__link  add_to_cart_button\">Whatsapp Sipari\u015f<\/a><\/div>\n\t\t\t<\/li><li class=\"wc-block-grid__product\">\n\t\t\t\t<a href=\"https:\/\/egereklam.com.tr\/index.php\/product\/evlilik-teklifi-afisi\/\" class=\"wc-block-grid__product-link\">\n\t\t\t\t\t\n\t\t\t\t\t<div class=\"wc-block-grid__product-image\"><img loading=\"lazy\" decoding=\"async\" width=\"480\" height=\"480\" src=\"https:\/\/egereklam.com.tr\/wp-content\/uploads\/2026\/01\/benimle-evlenirmisin-afisi-2-480x480.jpg\" class=\"attachment-woocommerce_thumbnail size-woocommerce_thumbnail\" alt=\"EVL\u0130L\u0130K TEKL\u0130F\u0130 AF\u0130\u015e\u0130\" srcset=\"https:\/\/egereklam.com.tr\/wp-content\/uploads\/2026\/01\/benimle-evlenirmisin-afisi-2-480x480.jpg 480w, https:\/\/egereklam.com.tr\/wp-content\/uploads\/2026\/01\/benimle-evlenirmisin-afisi-2-300x300.jpg 300w, https:\/\/egereklam.com.tr\/wp-content\/uploads\/2026\/01\/benimle-evlenirmisin-afisi-2-1024x1024.jpg 1024w, https:\/\/egereklam.com.tr\/wp-content\/uploads\/2026\/01\/benimle-evlenirmisin-afisi-2-150x150.jpg 150w, https:\/\/egereklam.com.tr\/wp-content\/uploads\/2026\/01\/benimle-evlenirmisin-afisi-2-768x768.jpg 768w, https:\/\/egereklam.com.tr\/wp-content\/uploads\/2026\/01\/benimle-evlenirmisin-afisi-2-120x120.jpg 120w, https:\/\/egereklam.com.tr\/wp-content\/uploads\/2026\/01\/benimle-evlenirmisin-afisi-2-46x46.jpg 46w, https:\/\/egereklam.com.tr\/wp-content\/uploads\/2026\/01\/benimle-evlenirmisin-afisi-2-630x630.jpg 630w, https:\/\/egereklam.com.tr\/wp-content\/uploads\/2026\/01\/benimle-evlenirmisin-afisi-2-100x100.jpg 100w, https:\/\/egereklam.com.tr\/wp-content\/uploads\/2026\/01\/benimle-evlenirmisin-afisi-2-54x54.jpg 54w, https:\/\/egereklam.com.tr\/wp-content\/uploads\/2026\/01\/benimle-evlenirmisin-afisi-2-310x310.jpg 310w, https:\/\/egereklam.com.tr\/wp-content\/uploads\/2026\/01\/benimle-evlenirmisin-afisi-2-80x80.jpg 80w, https:\/\/egereklam.com.tr\/wp-content\/uploads\/2026\/01\/benimle-evlenirmisin-afisi-2.jpg 1080w\" sizes=\"(max-width: 480px) 100vw, 480px\" \/><\/div>\n\t\t\t\t\t<div class=\"wc-block-grid__product-title\">EVL\u0130L\u0130K TEKL\u0130F\u0130 AF\u0130\u015e\u0130<\/div>\n\t\t\t\t<\/a>\n\t\t\t\t<div class=\"wc-block-grid__product-price price\"><\/div>\n\t\t\t\t\n\t\t\t\t<div class=\"wp-block-button wc-block-grid__product-add-to-cart\"><a href=\"https:\/\/wa.me\/905437242020?text=Evlilik%20Teklifi%20Afi\u015f%20Sipari\u015fi%20Vermek%20\u0130stiyorum\" aria-label=\"Whatsapp Sipari\u015f\" data-quantity=\"1\" data-product_id=\"5392\" data-product_sku=\"SF544-1-1-1-1-1-1-1-1-2-1-1\" data-price=\"0\" rel=\"nofollow\" class=\"wp-block-button__link  add_to_cart_button\">Whatsapp Sipari\u015f<\/a><\/div>\n\t\t\t<\/li><\/ul><\/div><\/div><\/div>","protected":false},"excerpt":{"rendered":"","protected":false},"author":1,"featured_media":0,"parent":0,"menu_order":0,"comment_status":"closed","ping_status":"closed","template":"","meta":{"_monsterinsights_skip_tracking":false,"_monsterinsights_sitenote_active":false,"_monsterinsights_sitenote_note":"","_monsterinsights_sitenote_category":0,"footnotes":""},"class_list":["post-10","page","type-page","status-publish","hentry"],"aioseo_notices":[],"jetpack_sharing_enabled":true,"_links":{"self":[{"href":"https:\/\/egereklam.com.tr\/index.php\/wp-json\/wp\/v2\/pages\/10","targetHints":{"allow":["GET"]}}],"collection":[{"href":"https:\/\/egereklam.com.tr\/index.php\/wp-json\/wp\/v2\/pages"}],"about":[{"href":"https:\/\/egereklam.com.tr\/index.php\/wp-json\/wp\/v2\/types\/page"}],"author":[{"embeddable":true,"href":"https:\/\/egereklam.com.tr\/index.php\/wp-json\/wp\/v2\/users\/1"}],"replies":[{"embeddable":true,"href":"https:\/\/egereklam.com.tr\/index.php\/wp-json\/wp\/v2\/comments?post=10"}],"version-history":[{"count":0,"href":"https:\/\/egereklam.com.tr\/index.php\/wp-json\/wp\/v2\/pages\/10\/revisions"}],"wp:attachment":[{"href":"https:\/\/egereklam.com.tr\/index.php\/wp-json\/wp\/v2\/media?parent=10"}],"curies":[{"name":"wp","href":"https:\/\/api.w.org\/{rel}","templated":true}]}}